{"id":10931,"date":"2023-09-20T15:23:45","date_gmt":"2023-09-20T19:23:45","guid":{"rendered":"https:\/\/colibrilifestyle.com\/cookie-policy\/"},"modified":"2023-09-27T14:35:04","modified_gmt":"2023-09-27T18:35:04","slug":"politique-des-temoins","status":"publish","type":"page","link":"https:\/\/colibrilifestyle.com\/fr\/politique-des-temoins\/","title":{"rendered":"Politique des t\u00e9moins"},"content":{"rendered":"<h2>Politique des t\u00e9moins (\u00ab\u202fCookie\u202f\u00bb)<\/h2>\n<p>Dans l\u2019optique d\u2019offrir un service de grande qualit\u00e9 ainsi que pour assurer le bon fonctionnement de certains de nos outils, l\u2019utilisation de t\u00e9moins nous est n\u00e9cessaire. Les t\u00e9moins sont des fichiers textes sauvegard\u00e9s sur vos appareils mobiles et vos ordinateurs.<\/p>\n<p>Tous les renseignements que nous collectons \u00e0 travers les diff\u00e9rents t\u00e9moins sont utilis\u00e9s conform\u00e9ment \u00e0 notre politique sur la protection des renseignements personnels. \u00c0 tout moment, vous pouvez refuser l\u2019utilisation des t\u00e9moins de ce site Web en suivant les directives de la section Param\u00e9trage des t\u00e9moins ou en changeant les param\u00e8tres de votre navigateur.<\/p>\n<p>Cette politique s\u2019applique uniquement au site Web de Colibri Art Design Inc. &#8211;<a href=\"http:\/\/www.colibrilifestyle.com\"> www.colibrilifestyle.com<\/a><\/p>\n<h2>Explication des t\u00e9moins<\/h2>\n<p>Les t\u00e9moins sont de petits fichiers textes qui peuvent \u00eatre utilis\u00e9s par les sites Web pour rendre l&#8217;exp\u00e9rience utilisateur plus efficace.<\/p>\n<p>La loi stipule que nous ne pouvons stocker des t\u00e9moins sur votre appareil que s\u2019ils sont strictement n\u00e9cessaires au fonctionnement de ce site. Pour tous les autres types de t\u00e9moins, nous avons besoin de votre permission.<\/p>\n<p>Ce site utilise diff\u00e9rents types de t\u00e9moins. Certains t\u00e9moins sont plac\u00e9s par les services tiers qui apparaissent sur nos pages.<\/p>\n<p>\u00c0 tout moment, vous pouvez modifier ou retirer votre consentement de la D\u00e9claration relative aux t\u00e9moins sur notre site Web.<\/p>\n<p>Pour en savoir plus sur qui nous sommes, sur comment vous pouvez nous contacter et sur la fa\u00e7on dont nous traitons les donn\u00e9es personnelles, veuillez consulter notre <a href=\"https:\/\/colibrilifestyle.com\/fr\/politique-de-confidentialite\/\" rel=\"noopener\"><strong>Politique de confidentialit\u00e9.<\/strong><\/a><\/p>\n<p>Veuillez indiquer l&#8217;identifiant de votre consentement et la date \u00e0 laquelle vous nous avez contact\u00e9s concernant votre consentement.<\/p>\n<h2>Les cat\u00e9gories de t\u00e9moins<\/h2>\n<ul>\n<li><strong>N\u00e9cessaires<\/strong><br \/>\nLes t\u00e9moins n\u00e9cessaires contribuent \u00e0 rendre un site Web utilisable en activant des fonctions de base comme la navigation de page et l&#8217;acc\u00e8s aux zones s\u00e9curis\u00e9es du site Web. Le site Web ne peut pas fonctionner correctement sans ces t\u00e9moins.<\/li>\n<li><strong>Pr\u00e9f\u00e9rences<\/strong><br \/>\nLes t\u00e9moins de pr\u00e9f\u00e9rences permettent \u00e0 un site Web de retenir des informations qui modifient la fa\u00e7on dont le site se comporte ou s\u2019affiche, comme votre langue pr\u00e9f\u00e9r\u00e9e ou la r\u00e9gion dans laquelle vous vous situez. Pour modifier les param\u00e9trages de votre navigateur, nous vous invitons \u00e0 consulter le centre d\u2019aide de Chrome, Safari, Firefox, Internet Explorer, Edge ou Opera.<\/li>\n<li><strong>Statistiques<\/strong><br \/>\nLes t\u00e9moins de statistiques aident les propri\u00e9taires du site Web, par la collecte et la communication d&#8217;informations de mani\u00e8re anonyme, \u00e0 comprendre comment les visiteurs interagissent avec les sites Web.<br \/>\nCes t\u00e9moins peuvent recueillir :<\/p>\n<ul>\n<li>Votre adresse IP;<\/li>\n<li>Votre fournisseur de services Internet;<\/li>\n<li>Le jour et l\u2019heure de d\u00e9but et de fin de la visite de notre site Internet;<\/li>\n<li>La r\u00e9gion ou la municipalit\u00e9 d\u00e9termin\u00e9e d\u2019apr\u00e8s votre adresse IP;<\/li>\n<li>Le type et version de votre navigateur Internet;<\/li>\n<li>Le type et la version du syst\u00e8me d\u2019exploitation de votre appareil;<\/li>\n<li>La r\u00e9solution d\u2019\u00e9cran de votre appareil;<\/li>\n<li>La langue de votre navigateur Internet;<\/li>\n<li>Le type et le mod\u00e8le de votre appareil (ordinateur, tablette ou t\u00e9l\u00e9phone);<\/li>\n<li>L\u2019adresse URL des pages visit\u00e9es sur notre site Internet;<\/li>\n<li>Vos activit\u00e9s (clic, d\u00e9filement de l\u2019\u00e9cran) sur notre site Web;<\/li>\n<li>L\u2019adresse URL du domaine du site pr\u00e9c\u00e9dent visit\u00e9;<\/li>\n<li>Le point d\u2019origine (banni\u00e8re, courriel, r\u00e9seau social, publication imprim\u00e9e, site Internet d\u2019annonceur); de votre visite de notre site Web.<\/li>\n<\/ul>\n<\/li>\n<li><strong>Marketing<\/strong><br \/>\nLes t\u00e9moins de marketing sont utilis\u00e9s pour effectuer le suivi des visiteurs au travers des sites Web. Le but est d&#8217;afficher des publicit\u00e9s qui sont pertinentes et int\u00e9ressantes pour l&#8217;utilisateur individuel, et donc plus pr\u00e9cieuses pour les \u00e9diteurs et annonceurs tiers.<\/li>\n<li><strong>Non class\u00e9s<\/strong><br \/>\nLes t\u00e9moins non class\u00e9s sont les t\u00e9moins qui sont en cours de classification, ainsi que les fournisseurs de t\u00e9moins individuels.<\/li>\n<\/ul>\n<h2>Pourquoi utilisons-nous des t\u00e9moins?<\/h2>\n<p>Les t\u00e9moins nous permettent de personnaliser le contenu et les annonces, d&#8217;offrir des fonctionnalit\u00e9s relatives aux m\u00e9dias sociaux et d&#8217;analyser notre trafic. Les t\u00e9moins permettent \u00e9galement d\u2019avoir des technologies avantageuses, comme le pr\u00e9-remplissage de formulaires d\u2019inscription avec vos informations.<\/p>\n<h2>Contr\u00f4ler les t\u00e9moins de ce site<\/h2>\n<p>Certains t\u00e9moins sont n\u00e9cessaires au fonctionnement de ce site Web. Nous ne pouvons vous fournir nos services sans l\u2019utilisation de ceux-ci. Cependant, les t\u00e9moins qui ne sont pas essentiels peuvent \u00eatre refus\u00e9s.<\/p>\n<p>Notez que le refus d\u2019utilisation de certains t\u00e9moins peut avoir un impact sur les fonctionnalit\u00e9s du site, ainsi, nous ne pouvons garantir la bonne qualit\u00e9 de votre navigation sur l\u2019ensemble de notre site Web.<\/p>\n<p>Pour modifier les param\u00e8tres des t\u00e9moins, cliquez sur l\u2019ic\u00f4ne.\u00a0<img loading=\"lazy\" decoding=\"async\" class=\"alignnone wp-image-10933\" src=\"https:\/\/colibrilifestyle.com\/wp-content\/uploads\/2023\/09\/LogoCookieYes.jpg\" alt=\"\" width=\"29\" height=\"29\" \/><\/p>\n<h2>Liste des t\u00e9moins pr\u00e9sents<\/h2>\n<p>Pour voir la liste des t\u00e9moins,\u00a0<span class=\"btncookie\">cliquez ici.<\/span><\/p>\n<h2>Informations compl\u00e9mentaires sur cette politique<\/h2>\n<p>Nous nous gardons le droit de modifier en tout temps cette politique, et ce, sans envoyer de communications \u00e0 cet effet. Pour rester \u00e0 l\u2019affut des informations quant \u00e0 ces modifications, nous vous prions de la consulter \u00e0 l\u2019occasion.<\/p>\n<p>Si vous avez des questions ou souhaitez communiquer avec nous au sujet de cette politique, n\u2019h\u00e9sitez pas \u00e0 nous \u00e9crire en cliquant sur le bouton ci-dessous.<\/p>\n<p>Veuillez noter que le genre masculin est utilis\u00e9 dans ce document dans le seul but d\u2019all\u00e9ger le texte.<\/p>\n<p>&nbsp;<\/p>\n","protected":false},"excerpt":{"rendered":"<p>Politique des t\u00e9moins (\u00ab\u202fCookie\u202f\u00bb) Dans l\u2019optique d\u2019offrir un service de grande qualit\u00e9 ainsi que pour assurer le bon fonctionnement de certains de nos outils, l\u2019utilisation de t\u00e9moins nous est n\u00e9cessaire. Les t\u00e9moins sont des fichiers textes sauvegard\u00e9s sur vos appareils mobiles et vos ordinateurs. Tous les renseignements que nous collectons \u00e0 travers les diff\u00e9rents t\u00e9moins [&hellip;]<\/p>\n","protected":false},"author":1,"featured_media":0,"parent":0,"menu_order":0,"comment_status":"closed","ping_status":"closed","template":"","meta":{"_acf_changed":false,"footnotes":""},"class_list":["post-10931","page","type-page","status-publish","hentry"],"acf":[],"yoast_head":"<!-- This site is optimized with the Yoast SEO plugin v26.3 - https:\/\/yoast.com\/wordpress\/plugins\/seo\/ -->\n<title>Politique des t\u00e9moins - Colibri<\/title>\n<meta name=\"robots\" content=\"index, follow, max-snippet:-1, max-image-preview:large, max-video-preview:-1\" \/>\n<link rel=\"canonical\" href=\"https:\/\/colibrilifestyle.com\/fr\/politique-des-temoins\/\" \/>\n<meta property=\"og:locale\" content=\"fr_FR\" \/>\n<meta property=\"og:type\" content=\"article\" \/>\n<meta property=\"og:title\" content=\"Politique des t\u00e9moins - Colibri\" \/>\n<meta property=\"og:description\" content=\"Politique des t\u00e9moins (\u00ab\u202fCookie\u202f\u00bb) Dans l\u2019optique d\u2019offrir un service de grande qualit\u00e9 ainsi que pour assurer le bon fonctionnement de certains de nos outils, l\u2019utilisation de t\u00e9moins nous est n\u00e9cessaire. Les t\u00e9moins sont des fichiers textes sauvegard\u00e9s sur vos appareils mobiles et vos ordinateurs. Tous les renseignements que nous collectons \u00e0 travers les diff\u00e9rents t\u00e9moins [&hellip;]\" \/>\n<meta property=\"og:url\" content=\"https:\/\/colibrilifestyle.com\/fr\/politique-des-temoins\/\" \/>\n<meta property=\"og:site_name\" content=\"Colibri\" \/>\n<meta property=\"article:modified_time\" content=\"2023-09-27T18:35:04+00:00\" \/>\n<meta property=\"og:image\" content=\"https:\/\/colibrilifestyle.com\/wp-content\/uploads\/2023\/09\/LogoCookieYes.jpg\" \/>\n<meta name=\"twitter:card\" content=\"summary_large_image\" \/>\n<meta name=\"twitter:label1\" content=\"Est. reading time\" \/>\n\t<meta name=\"twitter:data1\" content=\"5 minutes\" \/>\n<script type=\"application\/ld+json\" class=\"yoast-schema-graph\">{\"@context\":\"https:\/\/schema.org\",\"@graph\":[{\"@type\":\"WebPage\",\"@id\":\"https:\/\/colibrilifestyle.com\/fr\/politique-des-temoins\/\",\"url\":\"https:\/\/colibrilifestyle.com\/fr\/politique-des-temoins\/\",\"name\":\"Politique des t\u00e9moins - Colibri\",\"isPartOf\":{\"@id\":\"https:\/\/colibrilifestyle.com\/#website\"},\"primaryImageOfPage\":{\"@id\":\"https:\/\/colibrilifestyle.com\/fr\/politique-des-temoins\/#primaryimage\"},\"image\":{\"@id\":\"https:\/\/colibrilifestyle.com\/fr\/politique-des-temoins\/#primaryimage\"},\"thumbnailUrl\":\"https:\/\/colibrilifestyle.com\/wp-content\/uploads\/2023\/09\/LogoCookieYes.jpg\",\"datePublished\":\"2023-09-20T19:23:45+00:00\",\"dateModified\":\"2023-09-27T18:35:04+00:00\",\"breadcrumb\":{\"@id\":\"https:\/\/colibrilifestyle.com\/fr\/politique-des-temoins\/#breadcrumb\"},\"inLanguage\":\"fr-FR\",\"potentialAction\":[{\"@type\":\"ReadAction\",\"target\":[\"https:\/\/colibrilifestyle.com\/fr\/politique-des-temoins\/\"]}]},{\"@type\":\"ImageObject\",\"inLanguage\":\"fr-FR\",\"@id\":\"https:\/\/colibrilifestyle.com\/fr\/politique-des-temoins\/#primaryimage\",\"url\":\"https:\/\/colibrilifestyle.com\/wp-content\/uploads\/2023\/09\/LogoCookieYes.jpg\",\"contentUrl\":\"https:\/\/colibrilifestyle.com\/wp-content\/uploads\/2023\/09\/LogoCookieYes.jpg\"},{\"@type\":\"BreadcrumbList\",\"@id\":\"https:\/\/colibrilifestyle.com\/fr\/politique-des-temoins\/#breadcrumb\",\"itemListElement\":[{\"@type\":\"ListItem\",\"position\":1,\"name\":\"Home\",\"item\":\"https:\/\/colibrilifestyle.com\/fr\/\"},{\"@type\":\"ListItem\",\"position\":2,\"name\":\"Politique des t\u00e9moins\"}]},{\"@type\":\"WebSite\",\"@id\":\"https:\/\/colibrilifestyle.com\/#website\",\"url\":\"https:\/\/colibrilifestyle.com\/\",\"name\":\"Colibri\",\"description\":\"\",\"potentialAction\":[{\"@type\":\"SearchAction\",\"target\":{\"@type\":\"EntryPoint\",\"urlTemplate\":\"https:\/\/colibrilifestyle.com\/?s={search_term_string}\"},\"query-input\":{\"@type\":\"PropertyValueSpecification\",\"valueRequired\":true,\"valueName\":\"search_term_string\"}}],\"inLanguage\":\"fr-FR\"}]}<\/script>\n<!-- \/ Yoast SEO plugin. -->","yoast_head_json":{"title":"Politique des t\u00e9moins - Colibri","robots":{"index":"index","follow":"follow","max-snippet":"max-snippet:-1","max-image-preview":"max-image-preview:large","max-video-preview":"max-video-preview:-1"},"canonical":"https:\/\/colibrilifestyle.com\/fr\/politique-des-temoins\/","og_locale":"fr_FR","og_type":"article","og_title":"Politique des t\u00e9moins - Colibri","og_description":"Politique des t\u00e9moins (\u00ab\u202fCookie\u202f\u00bb) Dans l\u2019optique d\u2019offrir un service de grande qualit\u00e9 ainsi que pour assurer le bon fonctionnement de certains de nos outils, l\u2019utilisation de t\u00e9moins nous est n\u00e9cessaire. Les t\u00e9moins sont des fichiers textes sauvegard\u00e9s sur vos appareils mobiles et vos ordinateurs. Tous les renseignements que nous collectons \u00e0 travers les diff\u00e9rents t\u00e9moins [&hellip;]","og_url":"https:\/\/colibrilifestyle.com\/fr\/politique-des-temoins\/","og_site_name":"Colibri","article_modified_time":"2023-09-27T18:35:04+00:00","og_image":[{"url":"https:\/\/colibrilifestyle.com\/wp-content\/uploads\/2023\/09\/LogoCookieYes.jpg","type":"","width":"","height":""}],"twitter_card":"summary_large_image","twitter_misc":{"Est. reading time":"5 minutes"},"schema":{"@context":"https:\/\/schema.org","@graph":[{"@type":"WebPage","@id":"https:\/\/colibrilifestyle.com\/fr\/politique-des-temoins\/","url":"https:\/\/colibrilifestyle.com\/fr\/politique-des-temoins\/","name":"Politique des t\u00e9moins - Colibri","isPartOf":{"@id":"https:\/\/colibrilifestyle.com\/#website"},"primaryImageOfPage":{"@id":"https:\/\/colibrilifestyle.com\/fr\/politique-des-temoins\/#primaryimage"},"image":{"@id":"https:\/\/colibrilifestyle.com\/fr\/politique-des-temoins\/#primaryimage"},"thumbnailUrl":"https:\/\/colibrilifestyle.com\/wp-content\/uploads\/2023\/09\/LogoCookieYes.jpg","datePublished":"2023-09-20T19:23:45+00:00","dateModified":"2023-09-27T18:35:04+00:00","breadcrumb":{"@id":"https:\/\/colibrilifestyle.com\/fr\/politique-des-temoins\/#breadcrumb"},"inLanguage":"fr-FR","potentialAction":[{"@type":"ReadAction","target":["https:\/\/colibrilifestyle.com\/fr\/politique-des-temoins\/"]}]},{"@type":"ImageObject","inLanguage":"fr-FR","@id":"https:\/\/colibrilifestyle.com\/fr\/politique-des-temoins\/#primaryimage","url":"https:\/\/colibrilifestyle.com\/wp-content\/uploads\/2023\/09\/LogoCookieYes.jpg","contentUrl":"https:\/\/colibrilifestyle.com\/wp-content\/uploads\/2023\/09\/LogoCookieYes.jpg"},{"@type":"BreadcrumbList","@id":"https:\/\/colibrilifestyle.com\/fr\/politique-des-temoins\/#breadcrumb","itemListElement":[{"@type":"ListItem","position":1,"name":"Home","item":"https:\/\/colibrilifestyle.com\/fr\/"},{"@type":"ListItem","position":2,"name":"Politique des t\u00e9moins"}]},{"@type":"WebSite","@id":"https:\/\/colibrilifestyle.com\/#website","url":"https:\/\/colibrilifestyle.com\/","name":"Colibri","description":"","potentialAction":[{"@type":"SearchAction","target":{"@type":"EntryPoint","urlTemplate":"https:\/\/colibrilifestyle.com\/?s={search_term_string}"},"query-input":{"@type":"PropertyValueSpecification","valueRequired":true,"valueName":"search_term_string"}}],"inLanguage":"fr-FR"}]}},"_links":{"self":[{"href":"https:\/\/colibrilifestyle.com\/fr\/wp-json\/wp\/v2\/pages\/10931","targetHints":{"allow":["GET"]}}],"collection":[{"href":"https:\/\/colibrilifestyle.com\/fr\/wp-json\/wp\/v2\/pages"}],"about":[{"href":"https:\/\/colibrilifestyle.com\/fr\/wp-json\/wp\/v2\/types\/page"}],"author":[{"embeddable":true,"href":"https:\/\/colibrilifestyle.com\/fr\/wp-json\/wp\/v2\/users\/1"}],"replies":[{"embeddable":true,"href":"https:\/\/colibrilifestyle.com\/fr\/wp-json\/wp\/v2\/comments?post=10931"}],"version-history":[{"count":14,"href":"https:\/\/colibrilifestyle.com\/fr\/wp-json\/wp\/v2\/pages\/10931\/revisions"}],"predecessor-version":[{"id":10986,"href":"https:\/\/colibrilifestyle.com\/fr\/wp-json\/wp\/v2\/pages\/10931\/revisions\/10986"}],"wp:attachment":[{"href":"https:\/\/colibrilifestyle.com\/fr\/wp-json\/wp\/v2\/media?parent=10931"}],"curies":[{"name":"wp","href":"https:\/\/api.w.org\/{rel}","templated":true}]}}